{"id":3277,"date":"2020-04-24T12:05:56","date_gmt":"2020-04-24T12:05:56","guid":{"rendered":"https:\/\/www.mastervoice.it\/contactos\/"},"modified":"2021-04-21T20:13:52","modified_gmt":"2021-04-21T18:13:52","slug":"contactos","status":"publish","type":"page","link":"https:\/\/www.mastervoice.it\/es\/contactos\/","title":{"rendered":"Contactos"},"content":{"rendered":"<div class=\"wpb-content-wrapper\"><p>[vc_row gap=\u00bb30&#8243; type=\u00bbvc_default\u00bb margin_top=\u00bb0&#8243; margin_bottom=\u00bb-35&#8243; css=\u00bb.vc_custom_1589356084467{margin-bottom: -35px !important;}\u00bb][vc_column offset=\u00bbvc_col-lg-6 vc_col-md-7 vc_col-xs-12&#8243; css=\u00bb.vc_custom_1498821716836{padding-bottom: 40px !important;}\u00bb]<div id=\"ultimate-heading-901369f8a094acae3\" class=\"uvc-heading ult-adjust-bottom-margin ultimate-heading-901369f8a094acae3 uvc-8970  uvc-heading-default-font-sizes\" data-hspacer=\"no_spacer\"  data-halign=\"left\" style=\"text-align:left\"><div class=\"uvc-heading-spacer no_spacer\" style=\"top\"><\/div><div class=\"uvc-main-heading ult-responsive\"  data-ultimate-target='.uvc-heading.ultimate-heading-901369f8a094acae3 h2'  data-responsive-json-new='{\"font-size\":\"\",\"line-height\":\"\"}' ><h2 style=\"--font-weight:theme;margin-bottom:30px;\">MasterVoice<\/h2><\/div><div class=\"uvc-sub-heading ult-responsive\"  data-ultimate-target='.uvc-heading.ultimate-heading-901369f8a094acae3 .uvc-sub-heading '  data-responsive-json-new='{\"font-size\":\"\",\"line-height\":\"\"}'  style=\"font-weight:normal;\">Unified Communication by Master Training S.r.l.<\/div><\/div>[vc_empty_space][vc_row_inner equal_height=\u00bbyes\u00bb css=\u00bb.vc_custom_1498572805259{padding-right: 15px !important;padding-bottom: 10px !important;padding-left: 15px !important;}\u00bb][vc_column_inner css=\u00bb.vc_custom_1589530417045{margin-top: 0px !important;margin-right: 0px !important;margin-bottom: 0px !important;margin-left: 0px !important;padding-top: 0px !important;padding-right: 10px !important;padding-bottom: 20px !important;padding-left: 10px !important;}\u00bb]<div class=\"aio-icon-component  vc_custom_1589530855301  accent-icon-bg color-title style_1\"><div id=\"Info-box-wrap-7885\" class=\"aio-icon-box left-icon\" style=\"\"  ><div class=\"aio-icon-left\"><div class=\"ult-just-icon-wrapper  \"><div class=\"align-icon\" style=\"text-align:center;\">\n<div class=\"aio-icon advanced \"  style=\"color:#ffffff;border-style:;border-color:#333333;border-width:1px;width:34px;height:34px;line-height:34px;border-radius:500px;font-size:16px;display:inline-block;\">\n\t<i class=\"icomoon-office\"><\/i>\n<\/div><\/div><\/div><\/div><div class=\"aio-ibd-block\"><div class=\"aio-icon-description ult-responsive\"  data-ultimate-target='#Info-box-wrap-7885 .aio-icon-description'  data-responsive-json-new='{\"font-size\":\"\",\"line-height\":\"\"}'  style=\"\"><strong>SEDE OPERATIVA<\/strong><br \/>\nvia San Martino 11<br \/>\n42015 Correggio (Provincia de Reggio Emilia)<\/div> <!-- description --><\/div> <!-- aio-ibd-block --><\/div> <!-- aio-icon-box --><\/div> <!-- aio-icon-component -->[\/vc_column_inner][vc_column_inner width=\u00bb1\/2&#8243; css=\u00bb.vc_custom_1475919340203{margin-top: 0px !important;margin-right: 0px !important;margin-bottom: 0px !important;margin-left: 0px !important;padding-top: 0px !important;padding-right: 10px !important;padding-bottom: 20px !important;padding-left: 10px !important;}\u00bb]<div class=\"aio-icon-component  vc_custom_1611841875980  accent-icon-bg color-title style_1\"><div id=\"Info-box-wrap-2039\" class=\"aio-icon-box left-icon\" style=\"\"  ><div class=\"aio-icon-left\"><div class=\"ult-just-icon-wrapper  \"><div class=\"align-icon\" style=\"text-align:center;\">\n<div class=\"aio-icon advanced \"  style=\"color:#ffffff;border-style:;border-color:#333333;border-width:1px;width:34px;height:34px;line-height:34px;border-radius:500px;font-size:16px;display:inline-block;\">\n\t<i class=\"icomoon-phone\"><\/i>\n<\/div><\/div><\/div><\/div><div class=\"aio-ibd-block\"><div class=\"aio-icon-description ult-responsive\"  data-ultimate-target='#Info-box-wrap-2039 .aio-icon-description'  data-responsive-json-new='{\"font-size\":\"\",\"line-height\":\"\"}'  style=\"\"><a href=\"tel:+3905221590101\">+39 0522 1590101<\/a><\/div> <!-- description --><\/div> <!-- aio-ibd-block --><\/div> <!-- aio-icon-box --><\/div> <!-- aio-icon-component -->[\/vc_column_inner][vc_column_inner width=\u00bb1\/2&#8243; css=\u00bb.vc_custom_1498823671287{margin-top: 0px !important;margin-right: 0px !important;margin-bottom: 0px !important;margin-left: 0px !important;padding-top: 0px !important;padding-right: 10px !important;padding-bottom: 20px !important;padding-left: 10px !important;}\u00bb]<div class=\"aio-icon-component  vc_custom_1589902272668  accent-icon-bg color-title style_1\"><div id=\"Info-box-wrap-2032\" class=\"aio-icon-box left-icon\" style=\"\"  ><div class=\"aio-icon-left\"><div class=\"ult-just-icon-wrapper  \"><div class=\"align-icon\" style=\"text-align:center;\">\n<div class=\"aio-icon advanced \"  style=\"color:#ffffff;border-style:;border-color:#333333;border-width:1px;width:34px;height:34px;line-height:34px;border-radius:500px;font-size:16px;display:inline-block;\">\n\t<i class=\"icomoon-mail_outline\"><\/i>\n<\/div><\/div><\/div><\/div><div class=\"aio-ibd-block\"><div class=\"aio-icon-description ult-responsive\"  data-ultimate-target='#Info-box-wrap-2032 .aio-icon-description'  data-responsive-json-new='{\"font-size\":\"\",\"line-height\":\"\"}'  style=\"\"><a href=\"mailto:consulenza@mastervoice.it\">consulenza@mastervoice.it<\/a><\/div> <!-- description --><\/div> <!-- aio-ibd-block --><\/div> <!-- aio-icon-box --><\/div> <!-- aio-icon-component -->[\/vc_column_inner][\/vc_row_inner][vc_column_text]<iframe src=\"https:\/\/www.google.com\/maps\/embed?pb=!1m14!1m8!1m3!1d5664.601856185877!2d10.793275!3d44.77467!3m2!1i1024!2i768!4f13.1!3m3!1m2!1s0x477ff4b8b844c73d%3A0x6f6801fbe378c412!2sMaster%20Training%20Srl!5e0!3m2!1ses!2sit!4v1614604217391!5m2!1ses!2sit\" width=\"600\" height=\"450\" style=\"border:0;\" allowfullscreen=\"\" loading=\"lazy\"><\/iframe>[\/vc_column_text][\/vc_column][vc_column offset=\u00bbvc_col-lg-6 vc_col-md-5 vc_col-xs-12&#8243; css=\u00bb.vc_custom_1498572768127{padding-bottom: 50px !important;}\u00bb]<div id=\"ultimate-heading-440469f8a094accf8\" class=\"uvc-heading ult-adjust-bottom-margin ultimate-heading-440469f8a094accf8 uvc-4299  uvc-heading-default-font-sizes\" data-hspacer=\"no_spacer\"  data-halign=\"left\" style=\"text-align:left\"><div class=\"uvc-heading-spacer no_spacer\" style=\"top\"><\/div><div class=\"uvc-main-heading ult-responsive\"  data-ultimate-target='.uvc-heading.ultimate-heading-440469f8a094accf8 h2'  data-responsive-json-new='{\"font-size\":\"\",\"line-height\":\"\"}' ><h2 style=\"--font-weight:theme;margin-bottom:20px;\">CONT\u00c1CTANOS<\/h2><\/div><\/div>\n<div class=\"wpcf7 no-js\" id=\"wpcf7-f3537-o1\" lang=\"es-ES\" dir=\"ltr\" data-wpcf7-id=\"3537\">\n<div class=\"screen-reader-response\"><p role=\"status\" aria-live=\"polite\" aria-atomic=\"true\"><\/p> <ul><\/ul><\/div>\n<form action=\"\/es\/wp-json\/wp\/v2\/pages\/3277#wpcf7-f3537-o1\" method=\"post\" class=\"wpcf7-form init\" aria-label=\"Formulario de contacto\" novalidate=\"novalidate\" data-status=\"init\">\n<fieldset class=\"hidden-fields-container\"><input type=\"hidden\" name=\"_wpcf7\" value=\"3537\" \/><input type=\"hidden\" name=\"_wpcf7_version\" value=\"6.1.5\" \/><input type=\"hidden\" name=\"_wpcf7_locale\" value=\"es_ES\" \/><input type=\"hidden\" name=\"_wpcf7_unit_tag\" value=\"wpcf7-f3537-o1\" \/><input type=\"hidden\" name=\"_wpcf7_container_post\" value=\"0\" \/><input type=\"hidden\" name=\"_wpcf7_posted_data_hash\" value=\"\" \/>\n<\/fieldset>\n<p style=\"text-align:right; font-size:small;\">* campo obligatorio\n<\/p>\n<p><label class=\"hidden\">Nombre y apellidos *<\/label><span class=\"wpcf7-form-control-wrap\" data-name=\"nome\"><input size=\"40\" maxlength=\"400\" class=\"wpcf7-form-control wpcf7-text wpcf7-validates-as-required\" aria-required=\"true\" aria-invalid=\"false\" placeholder=\"Nombre y apellidos *\" value=\"\" type=\"text\" name=\"nome\" \/><\/span>\n<\/p>\n<p><label class=\"hidden\">Empresa *<\/label><span class=\"wpcf7-form-control-wrap\" data-name=\"azienda\"><input size=\"40\" maxlength=\"400\" class=\"wpcf7-form-control wpcf7-text wpcf7-validates-as-required\" aria-required=\"true\" aria-invalid=\"false\" placeholder=\"Empresa *\" value=\"\" type=\"text\" name=\"azienda\" \/><\/span>\n<\/p>\n<p><label class=\"hidden\">Email *<\/label><span class=\"wpcf7-form-control-wrap\" data-name=\"email\"><input size=\"40\" maxlength=\"400\" class=\"wpcf7-form-control wpcf7-email wpcf7-validates-as-required wpcf7-text wpcf7-validates-as-email\" aria-required=\"true\" aria-invalid=\"false\" placeholder=\"Email *\" value=\"\" type=\"email\" name=\"email\" \/><\/span>\n<\/p>\n<p><label class=\"hidden\">M\u00f3vil *<\/label><span class=\"wpcf7-form-control-wrap\" data-name=\"cellulare\"><input size=\"40\" maxlength=\"400\" class=\"wpcf7-form-control wpcf7-tel wpcf7-validates-as-required wpcf7-text wpcf7-validates-as-tel\" aria-required=\"true\" aria-invalid=\"false\" placeholder=\"M\u00f3vil *\" value=\"\" type=\"tel\" name=\"cellulare\" \/><\/span>\n<\/p>\n<p><label class=\"hidden\"> Asunto *<\/label><span class=\"wpcf7-form-control-wrap\" data-name=\"oggetto\"><select class=\"wpcf7-form-control wpcf7-select wpcf7-validates-as-required\" aria-required=\"true\" aria-invalid=\"false\" name=\"oggetto\"><option value=\"\">Asunto*<\/option><option value=\"Smart working\">Smart working<\/option><option value=\"App m\u00f3vil\">App m\u00f3vil<\/option><option value=\"Cliente Web UCC\">Cliente Web UCC<\/option><option value=\"Videoconferencias\">Videoconferencias<\/option><option value=\"Panel de Operador\">Panel de Operador<\/option><option value=\"API para integraci\u00f3n de software\">API para integraci\u00f3n de software<\/option><option value=\"Centro de llamadas\">Centro de llamadas<\/option><option value=\"Voip PBX\">Voip PBX<\/option><\/select><\/span>\n<\/p>\n<p><label class=\"hidden\"> Mensaje *<\/label><span class=\"wpcf7-form-control-wrap\" data-name=\"messaggio\"><textarea cols=\"40\" rows=\"10\" maxlength=\"2000\" class=\"wpcf7-form-control wpcf7-textarea wpcf7-validates-as-required\" aria-required=\"true\" aria-invalid=\"false\" placeholder=\"Mensaje *\" name=\"messaggio\"><\/textarea><\/span>\n<\/p>\n<p><span class=\"wpcf7-form-control-wrap\" data-name=\"privacy\"><span class=\"wpcf7-form-control wpcf7-acceptance\"><span class=\"wpcf7-list-item\"><label><input type=\"checkbox\" name=\"privacy\" value=\"1\" checked=\"checked\" class=\"hidden\" aria-invalid=\"false\" \/><span class=\"wpcf7-list-item-label\"><span  style=\"font-size:small;\">Al hacer clic en \u00abENVIAR\u00bb, el interesado confirma haber le\u00eddo la <a href=\"https:\/\/www.mastervoice.it\/wp-content\/uploads\/2022\/09\/All.-8quater-Informativa-sito-web-MASTERVOICE-rev.-giugno-2022.pdf\" target=\"_blank\" rel=\"noopener noreferrer\">pol\u00edtica sobre el tratamiento de datos personales<\/a> realizado para responder a la solicitud de contacto<\/span><\/span><\/label><\/span><\/span><\/span><br \/>\n<span class=\"wpcf7-form-control-wrap\" data-name=\"consenso-marketing\"><span class=\"wpcf7-form-control wpcf7-acceptance optional\"><span class=\"wpcf7-list-item\"><label><input type=\"checkbox\" name=\"consenso-marketing\" value=\"1\" aria-invalid=\"false\" \/><span class=\"wpcf7-list-item-label\"><span  style=\"font-size:small;\">Autorizo el tratamiento de mis datos personales para fines de marketing (inscripci\u00f3n a boletines, contactos telef\u00f3nicos, etc.)<\/span><\/span><\/label><\/span><\/span><\/span>\n<\/p>\n<p><span class=\"wpcf7-form-control-wrap\" data-name=\"random-quiz\"><label><span class=\"wpcf7-quiz-label\">700+300+1=?<\/span> <input size=\"40\" class=\"wpcf7-form-control wpcf7-quiz\" autocomplete=\"off\" aria-required=\"true\" aria-invalid=\"false\" type=\"text\" name=\"random-quiz\" \/><\/label><input type=\"hidden\" name=\"_wpcf7_quiz_answer_random-quiz\" value=\"2f93bed6a967f8f232205e5e3605961d\" \/><\/span>\n<\/p>\n<p><input class=\"wpcf7-form-control wpcf7-submit has-spinner invia\" id=\"invia\" type=\"submit\" value=\"enviar\" \/>\n<\/p><div class=\"wpcf7-response-output\" aria-hidden=\"true\"><\/div>\n<\/form>\n<\/div>\n[\/vc_column][\/vc_row][vc_row][vc_column][vc_column_text]<\/p>\n<p class=\"p1\"><span class=\"s1\">Contacta con MasterVoice para cualquier informaci\u00f3n o aclaraci\u00f3n que necesites. Ser\u00e1 un placer escuchar tus peticiones, o fijar una cita con uno de nuestros asesores.<\/span><\/p>\n<p class=\"p1\"><span class=\"s1\">MasterVoice es la divisi\u00f3n de Master Training especializada en el desarrollo de software, app y soluciones de Comunicaci\u00f3n Unificada.<\/span><\/p>\n<p>[\/vc_column_text][\/vc_column][\/vc_row]<\/p>\n<\/div>","protected":false},"excerpt":{"rendered":"<p>[vc_row gap=\u00bb30&#8243; type=\u00bbvc_default\u00bb margin_top=\u00bb0&#8243; margin_bottom=\u00bb-35&#8243; css=\u00bb.vc_custom_1589356084467{margin-bottom: -35px !important;}\u00bb][vc_column offset=\u00bbvc_col-lg-6 vc_col-md-7 vc_col-xs-12&#8243; css=\u00bb.vc_custom_1498821716836{padding-bottom: 40px !important;}\u00bb][vc_empty_space][vc_row_inner equal_height=\u00bbyes\u00bb css=\u00bb.vc_custom_1498572805259{padding-right: 15px !important;padding-bottom: 10px !important;padding-left: 15px !important;}\u00bb][vc_column_inner css=\u00bb.vc_custom_1589530417045{margin-top: 0px !important;margin-right: 0px !important;margin-bottom: 0px !important;margin-left: 0px !important;padding-top: 0px !important;padding-right: 10px !important;padding-bottom: 20px !important;padding-left: 10px !important;}\u00bb][\/vc_column_inner][vc_column_inner width=\u00bb1\/2&#8243; css=\u00bb.vc_custom_1475919340203{margin-top: 0px !important;margin-right: 0px !important;margin-bottom: 0px !important;margin-left: 0px !important;padding-top: 0px !important;padding-right: 10px !important;padding-bottom: 20px !important;padding-left:&hellip;<\/p>\n","protected":false},"author":3,"featured_media":0,"parent":0,"menu_order":0,"comment_status":"closed","ping_status":"closed","template":"","meta":{"footnotes":""},"class_list":["post-3277","page","type-page","status-publish","hentry","description-off"],"yoast_head":"<!-- This site is optimized with the Yoast SEO plugin v27.1.1 - https:\/\/yoast.com\/product\/yoast-seo-wordpress\/ -->\n<title>Contactos - Mastervoice<\/title>\n<meta name=\"robots\" content=\"index, follow, max-snippet:-1, max-image-preview:large, max-video-preview:-1\" \/>\n<link rel=\"canonical\" href=\"https:\/\/www.mastervoice.it\/es\/contactos\/\" \/>\n<meta property=\"og:locale\" content=\"es_ES\" \/>\n<meta property=\"og:type\" content=\"article\" \/>\n<meta property=\"og:title\" content=\"Contactos - Mastervoice\" \/>\n<meta property=\"og:description\" content=\"[vc_row gap=\u00bb30&#8243; type=\u00bbvc_default\u00bb margin_top=\u00bb0&#8243; margin_bottom=\u00bb-35&#8243; css=\u00bb.vc_custom_1589356084467{margin-bottom: -35px !important;}\u00bb][vc_column offset=\u00bbvc_col-lg-6 vc_col-md-7 vc_col-xs-12&#8243; css=\u00bb.vc_custom_1498821716836{padding-bottom: 40px !important;}\u00bb][vc_empty_space][vc_row_inner equal_height=\u00bbyes\u00bb css=\u00bb.vc_custom_1498572805259{padding-right: 15px !important;padding-bottom: 10px !important;padding-left: 15px !important;}\u00bb][vc_column_inner css=\u00bb.vc_custom_1589530417045{margin-top: 0px !important;margin-right: 0px !important;margin-bottom: 0px !important;margin-left: 0px !important;padding-top: 0px !important;padding-right: 10px !important;padding-bottom: 20px !important;padding-left: 10px !important;}\u00bb][\/vc_column_inner][vc_column_inner width=\u00bb1\/2&#8243; css=\u00bb.vc_custom_1475919340203{margin-top: 0px !important;margin-right: 0px !important;margin-bottom: 0px !important;margin-left: 0px !important;padding-top: 0px !important;padding-right: 10px !important;padding-bottom: 20px !important;padding-left:&hellip;\" \/>\n<meta property=\"og:url\" content=\"https:\/\/www.mastervoice.it\/es\/contactos\/\" \/>\n<meta property=\"og:site_name\" content=\"Mastervoice\" \/>\n<meta property=\"article:publisher\" content=\"https:\/\/www.facebook.com\/MasterVoiceOpenCloud\/\" \/>\n<meta property=\"article:modified_time\" content=\"2021-04-21T18:13:52+02:00\" \/>\n<meta name=\"twitter:card\" content=\"summary_large_image\" \/>\n<meta name=\"twitter:label1\" content=\"Tiempo de lectura\" \/>\n\t<meta name=\"twitter:data1\" content=\"2 minutos\" \/>\n<script type=\"application\/ld+json\" class=\"yoast-schema-graph\">{\"@context\":\"https:\/\/schema.org\",\"@graph\":[{\"@type\":\"WebPage\",\"@id\":\"https:\/\/www.mastervoice.it\/es\/contactos\/\",\"url\":\"https:\/\/www.mastervoice.it\/es\/contactos\/\",\"name\":\"Contactos - Mastervoice\",\"isPartOf\":{\"@id\":\"https:\/\/www.mastervoice.it\/es\/#website\"},\"datePublished\":\"2020-04-24T12:05:56+02:00\",\"dateModified\":\"2021-04-21T18:13:52+02:00\",\"breadcrumb\":{\"@id\":\"https:\/\/www.mastervoice.it\/es\/contactos\/#breadcrumb\"},\"inLanguage\":\"es\",\"potentialAction\":[{\"@type\":\"ReadAction\",\"target\":[\"https:\/\/www.mastervoice.it\/es\/contactos\/\"]}]},{\"@type\":\"BreadcrumbList\",\"@id\":\"https:\/\/www.mastervoice.it\/es\/contactos\/#breadcrumb\",\"itemListElement\":[{\"@type\":\"ListItem\",\"position\":1,\"name\":\"Home\",\"item\":\"https:\/\/www.mastervoice.it\/es\/\"},{\"@type\":\"ListItem\",\"position\":2,\"name\":\"Contactos\"}]},{\"@type\":\"WebSite\",\"@id\":\"https:\/\/www.mastervoice.it\/es\/#website\",\"url\":\"https:\/\/www.mastervoice.it\/es\/\",\"name\":\"Mastervoice\",\"description\":\"La comunicazione unificata per la tua azienda\",\"publisher\":{\"@id\":\"https:\/\/www.mastervoice.it\/es\/#organization\"},\"potentialAction\":[{\"@type\":\"SearchAction\",\"target\":{\"@type\":\"EntryPoint\",\"urlTemplate\":\"https:\/\/www.mastervoice.it\/es\/?s={search_term_string}\"},\"query-input\":{\"@type\":\"PropertyValueSpecification\",\"valueRequired\":true,\"valueName\":\"search_term_string\"}}],\"inLanguage\":\"es\"},{\"@type\":\"Organization\",\"@id\":\"https:\/\/www.mastervoice.it\/es\/#organization\",\"name\":\"MasterVoice\",\"url\":\"https:\/\/www.mastervoice.it\/es\/\",\"logo\":{\"@type\":\"ImageObject\",\"inLanguage\":\"es\",\"@id\":\"https:\/\/www.mastervoice.it\/es\/#\/schema\/logo\/image\/\",\"url\":\"https:\/\/www.mastervoice.it\/wp-content\/uploads\/2020\/06\/mastervoice-hd.png\",\"contentUrl\":\"https:\/\/www.mastervoice.it\/wp-content\/uploads\/2020\/06\/mastervoice-hd.png\",\"width\":600,\"height\":113,\"caption\":\"MasterVoice\"},\"image\":{\"@id\":\"https:\/\/www.mastervoice.it\/es\/#\/schema\/logo\/image\/\"},\"sameAs\":[\"https:\/\/www.facebook.com\/MasterVoiceOpenCloud\/\",\"https:\/\/www.linkedin.com\/company\/master-voice\/\",\"https:\/\/www.youtube.com\/channel\/UCHtxlmKpbGZKzCNlFS5wYMQ\"]}]}<\/script>\n<!-- \/ Yoast SEO plugin. -->","yoast_head_json":{"title":"Contactos - Mastervoice","robots":{"index":"index","follow":"follow","max-snippet":"max-snippet:-1","max-image-preview":"max-image-preview:large","max-video-preview":"max-video-preview:-1"},"canonical":"https:\/\/www.mastervoice.it\/es\/contactos\/","og_locale":"es_ES","og_type":"article","og_title":"Contactos - Mastervoice","og_description":"[vc_row gap=\u00bb30&#8243; type=\u00bbvc_default\u00bb margin_top=\u00bb0&#8243; margin_bottom=\u00bb-35&#8243; css=\u00bb.vc_custom_1589356084467{margin-bottom: -35px !important;}\u00bb][vc_column offset=\u00bbvc_col-lg-6 vc_col-md-7 vc_col-xs-12&#8243; css=\u00bb.vc_custom_1498821716836{padding-bottom: 40px !important;}\u00bb][vc_empty_space][vc_row_inner equal_height=\u00bbyes\u00bb css=\u00bb.vc_custom_1498572805259{padding-right: 15px !important;padding-bottom: 10px !important;padding-left: 15px !important;}\u00bb][vc_column_inner css=\u00bb.vc_custom_1589530417045{margin-top: 0px !important;margin-right: 0px !important;margin-bottom: 0px !important;margin-left: 0px !important;padding-top: 0px !important;padding-right: 10px !important;padding-bottom: 20px !important;padding-left: 10px !important;}\u00bb][\/vc_column_inner][vc_column_inner width=\u00bb1\/2&#8243; css=\u00bb.vc_custom_1475919340203{margin-top: 0px !important;margin-right: 0px !important;margin-bottom: 0px !important;margin-left: 0px !important;padding-top: 0px !important;padding-right: 10px !important;padding-bottom: 20px !important;padding-left:&hellip;","og_url":"https:\/\/www.mastervoice.it\/es\/contactos\/","og_site_name":"Mastervoice","article_publisher":"https:\/\/www.facebook.com\/MasterVoiceOpenCloud\/","article_modified_time":"2021-04-21T18:13:52+02:00","twitter_card":"summary_large_image","twitter_misc":{"Tiempo de lectura":"2 minutos"},"schema":{"@context":"https:\/\/schema.org","@graph":[{"@type":"WebPage","@id":"https:\/\/www.mastervoice.it\/es\/contactos\/","url":"https:\/\/www.mastervoice.it\/es\/contactos\/","name":"Contactos - Mastervoice","isPartOf":{"@id":"https:\/\/www.mastervoice.it\/es\/#website"},"datePublished":"2020-04-24T12:05:56+02:00","dateModified":"2021-04-21T18:13:52+02:00","breadcrumb":{"@id":"https:\/\/www.mastervoice.it\/es\/contactos\/#breadcrumb"},"inLanguage":"es","potentialAction":[{"@type":"ReadAction","target":["https:\/\/www.mastervoice.it\/es\/contactos\/"]}]},{"@type":"BreadcrumbList","@id":"https:\/\/www.mastervoice.it\/es\/contactos\/#breadcrumb","itemListElement":[{"@type":"ListItem","position":1,"name":"Home","item":"https:\/\/www.mastervoice.it\/es\/"},{"@type":"ListItem","position":2,"name":"Contactos"}]},{"@type":"WebSite","@id":"https:\/\/www.mastervoice.it\/es\/#website","url":"https:\/\/www.mastervoice.it\/es\/","name":"Mastervoice","description":"La comunicazione unificata per la tua azienda","publisher":{"@id":"https:\/\/www.mastervoice.it\/es\/#organization"},"potentialAction":[{"@type":"SearchAction","target":{"@type":"EntryPoint","urlTemplate":"https:\/\/www.mastervoice.it\/es\/?s={search_term_string}"},"query-input":{"@type":"PropertyValueSpecification","valueRequired":true,"valueName":"search_term_string"}}],"inLanguage":"es"},{"@type":"Organization","@id":"https:\/\/www.mastervoice.it\/es\/#organization","name":"MasterVoice","url":"https:\/\/www.mastervoice.it\/es\/","logo":{"@type":"ImageObject","inLanguage":"es","@id":"https:\/\/www.mastervoice.it\/es\/#\/schema\/logo\/image\/","url":"https:\/\/www.mastervoice.it\/wp-content\/uploads\/2020\/06\/mastervoice-hd.png","contentUrl":"https:\/\/www.mastervoice.it\/wp-content\/uploads\/2020\/06\/mastervoice-hd.png","width":600,"height":113,"caption":"MasterVoice"},"image":{"@id":"https:\/\/www.mastervoice.it\/es\/#\/schema\/logo\/image\/"},"sameAs":["https:\/\/www.facebook.com\/MasterVoiceOpenCloud\/","https:\/\/www.linkedin.com\/company\/master-voice\/","https:\/\/www.youtube.com\/channel\/UCHtxlmKpbGZKzCNlFS5wYMQ"]}]}},"_links":{"self":[{"href":"https:\/\/www.mastervoice.it\/es\/wp-json\/wp\/v2\/pages\/3277","targetHints":{"allow":["GET"]}}],"collection":[{"href":"https:\/\/www.mastervoice.it\/es\/wp-json\/wp\/v2\/pages"}],"about":[{"href":"https:\/\/www.mastervoice.it\/es\/wp-json\/wp\/v2\/types\/page"}],"author":[{"embeddable":true,"href":"https:\/\/www.mastervoice.it\/es\/wp-json\/wp\/v2\/users\/3"}],"replies":[{"embeddable":true,"href":"https:\/\/www.mastervoice.it\/es\/wp-json\/wp\/v2\/comments?post=3277"}],"version-history":[{"count":0,"href":"https:\/\/www.mastervoice.it\/es\/wp-json\/wp\/v2\/pages\/3277\/revisions"}],"wp:attachment":[{"href":"https:\/\/www.mastervoice.it\/es\/wp-json\/wp\/v2\/media?parent=3277"}],"curies":[{"name":"wp","href":"https:\/\/api.w.org\/{rel}","templated":true}]}}